{"id":396,"date":"2021-06-05T12:46:02","date_gmt":"2021-06-05T12:46:02","guid":{"rendered":"http:\/\/pilargeijo.com\/?page_id=396"},"modified":"2021-08-03T12:31:48","modified_gmt":"2021-08-03T12:31:48","slug":"analisis-de-tecnicas","status":"publish","type":"page","link":"http:\/\/pilargeijo.com\/en\/analisis-de-tecnicas\/","title":{"rendered":"An\u00e1lisis de T\u00e9cnicas"},"content":{"rendered":"<div data-elementor-type=\"wp-page\" data-elementor-id=\"396\" class=\"elementor elementor-396\">\n\t\t\t\t\t\t<section class=\"elementor-section elementor-top-section elementor-element elementor-element-aca8534 elementor-section-full_width elementor-section-stretched elementor-hidden-desktop elementor-hidden-tablet elementor-section-height-default elementor-section-height-default\" data-id=\"aca8534\" data-element_type=\"section\" data-e-type=\"section\" data-settings=\"{&quot;stretch_section&quot;:&quot;section-stretched&quot;,&quot;background_background&quot;:&quot;classic&quot;}\">\n\t\t\t\t\t\t\t<div class=\"elementor-background-overlay\"><\/div>\n\t\t\t\t\t\t\t<div class=\"elementor-container elementor-column-gap-default\">\n\t\t\t\t\t<div class=\"elementor-column elementor-col-50 elementor-top-column elementor-element elementor-element-c708a9b\" data-id=\"c708a9b\" data-element_type=\"column\" data-e-type=\"column\" data-settings=\"{&quot;background_background&quot;:&quot;classic&quot;}\">\n\t\t\t<div class=\"elementor-widget-wrap elementor-element-populated\">\n\t\t\t\t\t\t<div class=\"elementor-element elementor-element-662b2ec animated-slow elementor-invisible elementor-widget elementor-widget-image\" data-id=\"662b2ec\" data-element_type=\"widget\" data-e-type=\"widget\" data-settings=\"{&quot;_animation&quot;:&quot;fadeIn&quot;,&quot;_animation_delay&quot;:500}\" data-widget_type=\"image.default\">\n\t\t\t\t<div class=\"elementor-widget-container\">\n\t\t\t\t\t\t\t\t\t\t\t\t\t\t\t<img decoding=\"async\" src=\"http:\/\/pilargeijo.com\/wp-content\/uploads\/2021\/11\/imagenes_ingles_analisis.svg\" title=\"imagenes_an\u00e1lisis (1)\" alt=\"imagenes_an\u00e1lisis (1)\" loading=\"lazy\" \/>\t\t\t\t\t\t\t\t\t\t\t\t\t\t\t<\/div>\n\t\t\t\t<\/div>\n\t\t\t\t\t<\/div>\n\t\t<\/div>\n\t\t\t\t<div class=\"elementor-column elementor-col-50 elementor-top-column elementor-element elementor-element-37347bf\" data-id=\"37347bf\" data-element_type=\"column\" data-e-type=\"column\" data-settings=\"{&quot;background_background&quot;:&quot;classic&quot;}\">\n\t\t\t<div class=\"elementor-widget-wrap\">\n\t\t\t\t\t\t\t<\/div>\n\t\t<\/div>\n\t\t\t\t\t<\/div>\n\t\t<\/section>\n\t\t\t\t<section class=\"elementor-section elementor-top-section elementor-element elementor-element-77c8a3e elementor-section-full_width elementor-section-stretched elementor-hidden-phone elementor-section-content-middle elementor-section-height-default elementor-section-height-default\" data-id=\"77c8a3e\" data-element_type=\"section\" data-e-type=\"section\" data-settings=\"{&quot;stretch_section&quot;:&quot;section-stretched&quot;,&quot;background_background&quot;:&quot;classic&quot;}\">\n\t\t\t\t\t\t\t<div class=\"elementor-background-overlay\"><\/div>\n\t\t\t\t\t\t\t<div class=\"elementor-container elementor-column-gap-default\">\n\t\t\t\t\t<div class=\"elementor-column elementor-col-50 elementor-top-column elementor-element elementor-element-8fa5979\" data-id=\"8fa5979\" data-element_type=\"column\" data-e-type=\"column\" data-settings=\"{&quot;background_background&quot;:&quot;classic&quot;}\">\n\t\t\t<div class=\"elementor-widget-wrap elementor-element-populated\">\n\t\t\t\t\t\t<div class=\"elementor-element elementor-element-0842e1e animated-slow elementor-invisible elementor-widget elementor-widget-image\" data-id=\"0842e1e\" data-element_type=\"widget\" data-e-type=\"widget\" data-settings=\"{&quot;_animation&quot;:&quot;fadeIn&quot;,&quot;_animation_delay&quot;:500}\" data-widget_type=\"image.default\">\n\t\t\t\t<div class=\"elementor-widget-container\">\n\t\t\t\t\t\t\t\t\t\t\t\t\t\t\t<img fetchpriority=\"high\" decoding=\"async\" width=\"391\" height=\"331\" src=\"http:\/\/pilargeijo.com\/wp-content\/uploads\/2021\/11\/imagenes_ingles_analisis.svg\" class=\"attachment-large size-large wp-image-1160\" alt=\"\" style=\"width:100%;height:84.62%;max-width:390px\" \/>\t\t\t\t\t\t\t\t\t\t\t\t\t\t\t<\/div>\n\t\t\t\t<\/div>\n\t\t\t\t\t<\/div>\n\t\t<\/div>\n\t\t\t\t<div class=\"elementor-column elementor-col-50 elementor-top-column elementor-element elementor-element-979547d\" data-id=\"979547d\" data-element_type=\"column\" data-e-type=\"column\" data-settings=\"{&quot;background_background&quot;:&quot;classic&quot;}\">\n\t\t\t<div class=\"elementor-widget-wrap\">\n\t\t\t\t\t\t\t<\/div>\n\t\t<\/div>\n\t\t\t\t\t<\/div>\n\t\t<\/section>\n\t\t\t\t<section class=\"elementor-section elementor-top-section elementor-element elementor-element-6723ca5 elementor-section-boxed elementor-section-height-default elementor-section-height-default\" data-id=\"6723ca5\" data-element_type=\"section\" data-e-type=\"section\">\n\t\t\t\t\t\t<div class=\"elementor-container elementor-column-gap-default\">\n\t\t\t\t\t<div class=\"elementor-column elementor-col-100 elementor-top-column elementor-element elementor-element-5ab66a7\" data-id=\"5ab66a7\" data-element_type=\"column\" data-e-type=\"column\">\n\t\t\t<div class=\"elementor-widget-wrap elementor-element-populated\">\n\t\t\t\t\t\t<div class=\"elementor-element elementor-element-8d474d6 elementor-widget elementor-widget-text-editor\" data-id=\"8d474d6\" data-element_type=\"widget\" data-e-type=\"widget\" data-widget_type=\"text-editor.default\">\n\t\t\t\t<div class=\"elementor-widget-container\">\n\t\t\t\t\t\t\t\t\t<p>When I grew up as a swimmer and even more so when I studied and became a Swimming Teacher, I truly understood the importance of technique for this sport.<\/p><p>\u00a0<\/p><p>A correct technique is what will make us be more efficient swimmers and that will allow us to improve our performance with less effort and with a faster and more comfortable swim.<\/p><p>\u00a0<\/p><p>That is, we not only need to train, but we must do it with good technique to really be efficient and improve.<\/p><p>For several years I have been organizing swimming clinics in pools and lagoons, where I constantly have had the possibility of analysing different swimmers. From this great experience I was able to realize that technique is the weakest point of most of them.<br \/>.<br \/>For this reason, my Technique Analysis proposal is based on a personalized monitoring of the technique of each swimmer, where I will be able to observe through the videos that you send me (\"Distance\" mode) or directly, the aspects to improve to be able to signal them, explain the possible causes, and provide specific exercises to improve them.<\/p><p>\u00a0<\/p><p>You send me your video, I analyze your technique, I give you a written and video call feedback of your current technique situation, we talk about your aspects to improve and I give you tools and specific exercises to correct those weak points!<\/p><p>\u00a0<\/p><p>For more info contact me:<\/p><p><span style=\"color: #333399;\"><a style=\"color: #333399;\" href=\"mailto:pilargeijoswim@gmail.com\">pilargeijoswim@gmail.com<\/a><\/span><\/p>\t\t\t\t\t\t\t\t<\/div>\n\t\t\t\t<\/div>\n\t\t\t\t\t<\/div>\n\t\t<\/div>\n\t\t\t\t\t<\/div>\n\t\t<\/section>\n\t\t\t\t<section class=\"elementor-section elementor-top-section elementor-element elementor-element-5c435f2 elementor-section-boxed elementor-section-height-default elementor-section-height-default\" data-id=\"5c435f2\" data-element_type=\"section\" data-e-type=\"section\">\n\t\t\t\t\t\t<div class=\"elementor-container elementor-column-gap-default\">\n\t\t\t\t\t<div class=\"elementor-column elementor-col-100 elementor-top-column elementor-element elementor-element-5dcb73d\" data-id=\"5dcb73d\" data-element_type=\"column\" data-e-type=\"column\">\n\t\t\t<div class=\"elementor-widget-wrap elementor-element-populated\">\n\t\t\t\t\t\t<div class=\"elementor-element elementor-element-0a650e1 elementor-widget elementor-widget-gallery\" data-id=\"0a650e1\" data-element_type=\"widget\" data-e-type=\"widget\" data-settings=\"{&quot;gallery_layout&quot;:&quot;masonry&quot;,&quot;lazyload&quot;:&quot;yes&quot;,&quot;columns&quot;:4,&quot;columns_tablet&quot;:2,&quot;columns_mobile&quot;:1,&quot;gap&quot;:{&quot;unit&quot;:&quot;px&quot;,&quot;size&quot;:10,&quot;sizes&quot;:[]},&quot;gap_tablet&quot;:{&quot;unit&quot;:&quot;px&quot;,&quot;size&quot;:10,&quot;sizes&quot;:[]},&quot;gap_mobile&quot;:{&quot;unit&quot;:&quot;px&quot;,&quot;size&quot;:10,&quot;sizes&quot;:[]},&quot;link_to&quot;:&quot;file&quot;,&quot;overlay_background&quot;:&quot;yes&quot;,&quot;content_hover_animation&quot;:&quot;fade-in&quot;}\" data-widget_type=\"gallery.default\">\n\t\t\t\t<div class=\"elementor-widget-container\">\n\t\t\t\t\t\t\t<div class=\"elementor-gallery__container\">\n\t\t\t\t\t\t\t<a class=\"e-gallery-item elementor-gallery-item elementor-animated-content\" href=\"http:\/\/pilargeijo.com\/wp-content\/uploads\/2021\/05\/DSC_0079-2-scaled.jpg\" data-elementor-open-lightbox=\"yes\" data-elementor-lightbox-slideshow=\"all-0a650e1\" data-elementor-lightbox-title=\"DSC_0079-2\" data-e-action-hash=\"#elementor-action%3Aaction%3Dlightbox%26settings%3DeyJpZCI6MzI5LCJ1cmwiOiJodHRwOlwvXC9waWxhcmdlaWpvLmNvbVwvd3AtY29udGVudFwvdXBsb2Fkc1wvMjAyMVwvMDVcL0RTQ18wMDc5LTItc2NhbGVkLmpwZyIsInNsaWRlc2hvdyI6ImFsbC0wYTY1MGUxIn0%3D\">\n\t\t\t\t\t<div class=\"e-gallery-image elementor-gallery-item__image\" data-thumbnail=\"http:\/\/pilargeijo.com\/wp-content\/uploads\/2021\/05\/DSC_0079-2-200x300.jpg\" data-width=\"200\" data-height=\"300\" alt=\"\" ><\/div>\n\t\t\t\t\t\t\t\t\t\t\t<div class=\"elementor-gallery-item__overlay\"><\/div>\n\t\t\t\t\t\t\t\t\t\t\t\t\t\t<\/a>\n\t\t\t\t\t\t\t<a class=\"e-gallery-item elementor-gallery-item elementor-animated-content\" href=\"http:\/\/pilargeijo.com\/wp-content\/uploads\/2021\/05\/DSC_0220-copia-scaled.jpg\" data-elementor-open-lightbox=\"yes\" data-elementor-lightbox-slideshow=\"all-0a650e1\" data-elementor-lightbox-title=\"DSC_0220 copia\" data-e-action-hash=\"#elementor-action%3Aaction%3Dlightbox%26settings%3DeyJpZCI6MzMwLCJ1cmwiOiJodHRwOlwvXC9waWxhcmdlaWpvLmNvbVwvd3AtY29udGVudFwvdXBsb2Fkc1wvMjAyMVwvMDVcL0RTQ18wMjIwLWNvcGlhLXNjYWxlZC5qcGciLCJzbGlkZXNob3ciOiJhbGwtMGE2NTBlMSJ9\">\n\t\t\t\t\t<div class=\"e-gallery-image elementor-gallery-item__image\" data-thumbnail=\"http:\/\/pilargeijo.com\/wp-content\/uploads\/2021\/05\/DSC_0220-copia-300x200.jpg\" data-width=\"300\" data-height=\"200\" alt=\"\" ><\/div>\n\t\t\t\t\t\t\t\t\t\t\t<div class=\"elementor-gallery-item__overlay\"><\/div>\n\t\t\t\t\t\t\t\t\t\t\t\t\t\t<\/a>\n\t\t\t\t\t\t\t<a class=\"e-gallery-item elementor-gallery-item elementor-animated-content\" href=\"http:\/\/pilargeijo.com\/wp-content\/uploads\/2021\/05\/DSC_0519-copia-scaled.jpg\" data-elementor-open-lightbox=\"yes\" data-elementor-lightbox-slideshow=\"all-0a650e1\" data-elementor-lightbox-title=\"DSC_0519 copia\" data-e-action-hash=\"#elementor-action%3Aaction%3Dlightbox%26settings%3DeyJpZCI6MzMxLCJ1cmwiOiJodHRwOlwvXC9waWxhcmdlaWpvLmNvbVwvd3AtY29udGVudFwvdXBsb2Fkc1wvMjAyMVwvMDVcL0RTQ18wNTE5LWNvcGlhLXNjYWxlZC5qcGciLCJzbGlkZXNob3ciOiJhbGwtMGE2NTBlMSJ9\">\n\t\t\t\t\t<div class=\"e-gallery-image elementor-gallery-item__image\" data-thumbnail=\"http:\/\/pilargeijo.com\/wp-content\/uploads\/2021\/05\/DSC_0519-copia-200x300.jpg\" data-width=\"200\" data-height=\"300\" alt=\"\" ><\/div>\n\t\t\t\t\t\t\t\t\t\t\t<div class=\"elementor-gallery-item__overlay\"><\/div>\n\t\t\t\t\t\t\t\t\t\t\t\t\t\t<\/a>\n\t\t\t\t\t\t\t<a class=\"e-gallery-item elementor-gallery-item elementor-animated-content\" href=\"http:\/\/pilargeijo.com\/wp-content\/uploads\/2021\/05\/DSC_0520-copia-scaled.jpg\" data-elementor-open-lightbox=\"yes\" data-elementor-lightbox-slideshow=\"all-0a650e1\" data-elementor-lightbox-title=\"DSC_0520 copia\" data-e-action-hash=\"#elementor-action%3Aaction%3Dlightbox%26settings%3DeyJpZCI6MzMyLCJ1cmwiOiJodHRwOlwvXC9waWxhcmdlaWpvLmNvbVwvd3AtY29udGVudFwvdXBsb2Fkc1wvMjAyMVwvMDVcL0RTQ18wNTIwLWNvcGlhLXNjYWxlZC5qcGciLCJzbGlkZXNob3ciOiJhbGwtMGE2NTBlMSJ9\">\n\t\t\t\t\t<div class=\"e-gallery-image elementor-gallery-item__image\" data-thumbnail=\"http:\/\/pilargeijo.com\/wp-content\/uploads\/2021\/05\/DSC_0520-copia-200x300.jpg\" data-width=\"200\" data-height=\"300\" alt=\"\" ><\/div>\n\t\t\t\t\t\t\t\t\t\t\t<div class=\"elementor-gallery-item__overlay\"><\/div>\n\t\t\t\t\t\t\t\t\t\t\t\t\t\t<\/a>\n\t\t\t\t\t\t\t<a class=\"e-gallery-item elementor-gallery-item elementor-animated-content\" href=\"http:\/\/pilargeijo.com\/wp-content\/uploads\/2021\/05\/DSC_0521-copia-scaled.jpg\" data-elementor-open-lightbox=\"yes\" data-elementor-lightbox-slideshow=\"all-0a650e1\" data-elementor-lightbox-title=\"DSC_0521 copia\" data-e-action-hash=\"#elementor-action%3Aaction%3Dlightbox%26settings%3DeyJpZCI6MzMzLCJ1cmwiOiJodHRwOlwvXC9waWxhcmdlaWpvLmNvbVwvd3AtY29udGVudFwvdXBsb2Fkc1wvMjAyMVwvMDVcL0RTQ18wNTIxLWNvcGlhLXNjYWxlZC5qcGciLCJzbGlkZXNob3ciOiJhbGwtMGE2NTBlMSJ9\">\n\t\t\t\t\t<div class=\"e-gallery-image elementor-gallery-item__image\" data-thumbnail=\"http:\/\/pilargeijo.com\/wp-content\/uploads\/2021\/05\/DSC_0521-copia-300x200.jpg\" data-width=\"300\" data-height=\"200\" alt=\"\" ><\/div>\n\t\t\t\t\t\t\t\t\t\t\t<div class=\"elementor-gallery-item__overlay\"><\/div>\n\t\t\t\t\t\t\t\t\t\t\t\t\t\t<\/a>\n\t\t\t\t\t\t\t<a class=\"e-gallery-item elementor-gallery-item elementor-animated-content\" href=\"http:\/\/pilargeijo.com\/wp-content\/uploads\/2021\/05\/DSC_0576-1-scaled.jpg\" data-elementor-open-lightbox=\"yes\" data-elementor-lightbox-slideshow=\"all-0a650e1\" data-elementor-lightbox-title=\"DSC_0576-1\" data-e-action-hash=\"#elementor-action%3Aaction%3Dlightbox%26settings%3DeyJpZCI6MzM0LCJ1cmwiOiJodHRwOlwvXC9waWxhcmdlaWpvLmNvbVwvd3AtY29udGVudFwvdXBsb2Fkc1wvMjAyMVwvMDVcL0RTQ18wNTc2LTEtc2NhbGVkLmpwZyIsInNsaWRlc2hvdyI6ImFsbC0wYTY1MGUxIn0%3D\">\n\t\t\t\t\t<div class=\"e-gallery-image elementor-gallery-item__image\" data-thumbnail=\"http:\/\/pilargeijo.com\/wp-content\/uploads\/2021\/05\/DSC_0576-1-300x200.jpg\" data-width=\"300\" data-height=\"200\" alt=\"\" ><\/div>\n\t\t\t\t\t\t\t\t\t\t\t<div class=\"elementor-gallery-item__overlay\"><\/div>\n\t\t\t\t\t\t\t\t\t\t\t\t\t\t<\/a>\n\t\t\t\t\t\t\t<a class=\"e-gallery-item elementor-gallery-item elementor-animated-content\" href=\"http:\/\/pilargeijo.com\/wp-content\/uploads\/2021\/05\/DSC_0578-scaled.jpg\" data-elementor-open-lightbox=\"yes\" data-elementor-lightbox-slideshow=\"all-0a650e1\" data-elementor-lightbox-title=\"DSC_0578\" data-e-action-hash=\"#elementor-action%3Aaction%3Dlightbox%26settings%3DeyJpZCI6MzM1LCJ1cmwiOiJodHRwOlwvXC9waWxhcmdlaWpvLmNvbVwvd3AtY29udGVudFwvdXBsb2Fkc1wvMjAyMVwvMDVcL0RTQ18wNTc4LXNjYWxlZC5qcGciLCJzbGlkZXNob3ciOiJhbGwtMGE2NTBlMSJ9\">\n\t\t\t\t\t<div class=\"e-gallery-image elementor-gallery-item__image\" data-thumbnail=\"http:\/\/pilargeijo.com\/wp-content\/uploads\/2021\/05\/DSC_0578-300x200.jpg\" data-width=\"300\" data-height=\"200\" alt=\"\" ><\/div>\n\t\t\t\t\t\t\t\t\t\t\t<div class=\"elementor-gallery-item__overlay\"><\/div>\n\t\t\t\t\t\t\t\t\t\t\t\t\t\t<\/a>\n\t\t\t\t\t\t\t<a class=\"e-gallery-item elementor-gallery-item elementor-animated-content\" href=\"http:\/\/pilargeijo.com\/wp-content\/uploads\/2021\/05\/DSC_0588-scaled.jpg\" data-elementor-open-lightbox=\"yes\" data-elementor-lightbox-slideshow=\"all-0a650e1\" data-elementor-lightbox-title=\"DSC_0588\" data-e-action-hash=\"#elementor-action%3Aaction%3Dlightbox%26settings%3DeyJpZCI6MzM2LCJ1cmwiOiJodHRwOlwvXC9waWxhcmdlaWpvLmNvbVwvd3AtY29udGVudFwvdXBsb2Fkc1wvMjAyMVwvMDVcL0RTQ18wNTg4LXNjYWxlZC5qcGciLCJzbGlkZXNob3ciOiJhbGwtMGE2NTBlMSJ9\">\n\t\t\t\t\t<div class=\"e-gallery-image elementor-gallery-item__image\" data-thumbnail=\"http:\/\/pilargeijo.com\/wp-content\/uploads\/2021\/05\/DSC_0588-300x200.jpg\" data-width=\"300\" data-height=\"200\" alt=\"\" ><\/div>\n\t\t\t\t\t\t\t\t\t\t\t<div class=\"elementor-gallery-item__overlay\"><\/div>\n\t\t\t\t\t\t\t\t\t\t\t\t\t\t<\/a>\n\t\t\t\t\t\t\t<a class=\"e-gallery-item elementor-gallery-item elementor-animated-content\" href=\"http:\/\/pilargeijo.com\/wp-content\/uploads\/2021\/05\/DSC_0616-scaled.jpg\" data-elementor-open-lightbox=\"yes\" data-elementor-lightbox-slideshow=\"all-0a650e1\" data-elementor-lightbox-title=\"DSC_0616\" data-e-action-hash=\"#elementor-action%3Aaction%3Dlightbox%26settings%3DeyJpZCI6MzM3LCJ1cmwiOiJodHRwOlwvXC9waWxhcmdlaWpvLmNvbVwvd3AtY29udGVudFwvdXBsb2Fkc1wvMjAyMVwvMDVcL0RTQ18wNjE2LXNjYWxlZC5qcGciLCJzbGlkZXNob3ciOiJhbGwtMGE2NTBlMSJ9\">\n\t\t\t\t\t<div class=\"e-gallery-image elementor-gallery-item__image\" data-thumbnail=\"http:\/\/pilargeijo.com\/wp-content\/uploads\/2021\/05\/DSC_0616-300x200.jpg\" data-width=\"300\" data-height=\"200\" alt=\"\" ><\/div>\n\t\t\t\t\t\t\t\t\t\t\t<div class=\"elementor-gallery-item__overlay\"><\/div>\n\t\t\t\t\t\t\t\t\t\t\t\t\t\t<\/a>\n\t\t\t\t\t\t\t<a class=\"e-gallery-item elementor-gallery-item elementor-animated-content\" href=\"http:\/\/pilargeijo.com\/wp-content\/uploads\/2021\/05\/DSC_9578-scaled.jpg\" data-elementor-open-lightbox=\"yes\" data-elementor-lightbox-slideshow=\"all-0a650e1\" data-elementor-lightbox-title=\"DSC_9578\" data-e-action-hash=\"#elementor-action%3Aaction%3Dlightbox%26settings%3DeyJpZCI6MzM4LCJ1cmwiOiJodHRwOlwvXC9waWxhcmdlaWpvLmNvbVwvd3AtY29udGVudFwvdXBsb2Fkc1wvMjAyMVwvMDVcL0RTQ185NTc4LXNjYWxlZC5qcGciLCJzbGlkZXNob3ciOiJhbGwtMGE2NTBlMSJ9\">\n\t\t\t\t\t<div class=\"e-gallery-image elementor-gallery-item__image\" data-thumbnail=\"http:\/\/pilargeijo.com\/wp-content\/uploads\/2021\/05\/DSC_9578-300x201.jpg\" data-width=\"300\" data-height=\"201\" alt=\"\" ><\/div>\n\t\t\t\t\t\t\t\t\t\t\t<div class=\"elementor-gallery-item__overlay\"><\/div>\n\t\t\t\t\t\t\t\t\t\t\t\t\t\t<\/a>\n\t\t\t\t\t<\/div>\n\t\t\t\t\t<\/div>\n\t\t\t\t<\/div>\n\t\t\t\t\t<\/div>\n\t\t<\/div>\n\t\t\t\t\t<\/div>\n\t\t<\/section>\n\t\t\t\t<\/div>","protected":false},"excerpt":{"rendered":"<p>Cuando crec\u00ed como nadadora y mucho m\u00e1s a\u00fan cuando estudi\u00e9 y me recib\u00ed de Profesora de Nataci\u00f3n termin\u00e9 de comprender la importancia que tiene la t\u00e9cnica para este deporte. \u00a0 Una t\u00e9cnica correcta del estilo es la que nos har\u00e1 ser nadadores m\u00e1s e\ufb01cientes y eso nos permitir\u00e1 mejorar nuestra performance con menor esfuerzo y&hellip; <a class=\"more-link\" href=\"http:\/\/pilargeijo.com\/en\/analisis-de-tecnicas\/\">Continue reading <span class=\"screen-reader-text\">An\u00e1lisis de T\u00e9cnicas<\/span><\/a><\/p>","protected":false},"author":1,"featured_media":0,"parent":0,"menu_order":0,"comment_status":"closed","ping_status":"closed","template":"elementor_header_footer","meta":{"footnotes":""},"class_list":["post-396","page","type-page","status-publish","hentry","entry"],"_links":{"self":[{"href":"http:\/\/pilargeijo.com\/en\/wp-json\/wp\/v2\/pages\/396","targetHints":{"allow":["GET"]}}],"collection":[{"href":"http:\/\/pilargeijo.com\/en\/wp-json\/wp\/v2\/pages"}],"about":[{"href":"http:\/\/pilargeijo.com\/en\/wp-json\/wp\/v2\/types\/page"}],"author":[{"embeddable":true,"href":"http:\/\/pilargeijo.com\/en\/wp-json\/wp\/v2\/users\/1"}],"replies":[{"embeddable":true,"href":"http:\/\/pilargeijo.com\/en\/wp-json\/wp\/v2\/comments?post=396"}],"version-history":[{"count":19,"href":"http:\/\/pilargeijo.com\/en\/wp-json\/wp\/v2\/pages\/396\/revisions"}],"predecessor-version":[{"id":1163,"href":"http:\/\/pilargeijo.com\/en\/wp-json\/wp\/v2\/pages\/396\/revisions\/1163"}],"wp:attachment":[{"href":"http:\/\/pilargeijo.com\/en\/wp-json\/wp\/v2\/media?parent=396"}],"curies":[{"name":"wp","href":"https:\/\/api.w.org\/{rel}","templated":true}]}}