{"id":357,"date":"2021-06-03T22:16:35","date_gmt":"2021-06-03T22:16:35","guid":{"rendered":"http:\/\/pilargeijo.com\/?page_id=357"},"modified":"2021-08-01T12:55:19","modified_gmt":"2021-08-01T12:55:19","slug":"entrena-conmigo-a-distancia","status":"publish","type":"page","link":"https:\/\/pilargeijo.com\/en\/entrena-conmigo-a-distancia\/","title":{"rendered":"Entrena conmigo a distancia"},"content":{"rendered":"<div data-elementor-type=\"wp-page\" data-elementor-id=\"357\" class=\"elementor elementor-357\">\n\t\t\t\t\t\t<section class=\"elementor-section elementor-top-section elementor-element elementor-element-aca8534 elementor-section-full_width elementor-section-stretched elementor-hidden-desktop elementor-hidden-tablet elementor-section-height-default elementor-section-height-default\" data-id=\"aca8534\" data-element_type=\"section\" data-e-type=\"section\" data-settings=\"{&quot;stretch_section&quot;:&quot;section-stretched&quot;,&quot;background_background&quot;:&quot;classic&quot;}\">\n\t\t\t\t\t\t\t<div class=\"elementor-background-overlay\"><\/div>\n\t\t\t\t\t\t\t<div class=\"elementor-container elementor-column-gap-default\">\n\t\t\t\t\t<div class=\"elementor-column elementor-col-50 elementor-top-column elementor-element elementor-element-c708a9b\" data-id=\"c708a9b\" data-element_type=\"column\" data-e-type=\"column\" data-settings=\"{&quot;background_background&quot;:&quot;classic&quot;}\">\n\t\t\t<div class=\"elementor-widget-wrap elementor-element-populated\">\n\t\t\t\t\t\t<div class=\"elementor-element elementor-element-662b2ec animated-slow elementor-invisible elementor-widget elementor-widget-image\" data-id=\"662b2ec\" data-element_type=\"widget\" data-e-type=\"widget\" data-settings=\"{&quot;_animation&quot;:&quot;fadeIn&quot;,&quot;_animation_delay&quot;:500}\" data-widget_type=\"image.default\">\n\t\t\t\t<div class=\"elementor-widget-container\">\n\t\t\t\t\t\t\t\t\t\t\t\t\t\t\t<img fetchpriority=\"high\" decoding=\"async\" width=\"390\" height=\"330\" src=\"http:\/\/pilargeijo.com\/wp-content\/uploads\/2021\/11\/imagenes_ingles_distancia.svg\" class=\"attachment-full size-full wp-image-996\" alt=\"\" style=\"width:100%;height:84.62%;max-width:390px\" \/>\t\t\t\t\t\t\t\t\t\t\t\t\t\t\t<\/div>\n\t\t\t\t<\/div>\n\t\t\t\t\t<\/div>\n\t\t<\/div>\n\t\t\t\t<div class=\"elementor-column elementor-col-50 elementor-top-column elementor-element elementor-element-e0a921c\" data-id=\"e0a921c\" data-element_type=\"column\" data-e-type=\"column\" data-settings=\"{&quot;background_background&quot;:&quot;classic&quot;}\">\n\t\t\t<div class=\"elementor-widget-wrap\">\n\t\t\t\t\t\t\t<\/div>\n\t\t<\/div>\n\t\t\t\t\t<\/div>\n\t\t<\/section>\n\t\t\t\t<section class=\"elementor-section elementor-top-section elementor-element elementor-element-a956b7e elementor-section-full_width elementor-section-stretched elementor-hidden-phone elementor-section-height-default elementor-section-height-default\" data-id=\"a956b7e\" data-element_type=\"section\" data-e-type=\"section\" data-settings=\"{&quot;stretch_section&quot;:&quot;section-stretched&quot;,&quot;background_background&quot;:&quot;classic&quot;}\">\n\t\t\t\t\t\t\t<div class=\"elementor-background-overlay\"><\/div>\n\t\t\t\t\t\t\t<div class=\"elementor-container elementor-column-gap-default\">\n\t\t\t\t\t<div class=\"elementor-column elementor-col-50 elementor-top-column elementor-element elementor-element-1fb1ca6\" data-id=\"1fb1ca6\" data-element_type=\"column\" data-e-type=\"column\">\n\t\t\t<div class=\"elementor-widget-wrap elementor-element-populated\">\n\t\t\t\t\t\t<div class=\"elementor-element elementor-element-e86098b animated-slow elementor-invisible elementor-widget elementor-widget-image\" data-id=\"e86098b\" data-element_type=\"widget\" data-e-type=\"widget\" data-settings=\"{&quot;_animation&quot;:&quot;fadeIn&quot;,&quot;_animation_delay&quot;:500}\" data-widget_type=\"image.default\">\n\t\t\t\t<div class=\"elementor-widget-container\">\n\t\t\t\t\t\t\t\t\t\t\t\t\t\t\t<img decoding=\"async\" width=\"390\" height=\"330\" src=\"http:\/\/pilargeijo.com\/wp-content\/uploads\/2021\/11\/imagenes_ingles_distancia.svg\" class=\"attachment-large size-large wp-image-996\" alt=\"\" style=\"width:100%;height:84.62%;max-width:390px\" \/>\t\t\t\t\t\t\t\t\t\t\t\t\t\t\t<\/div>\n\t\t\t\t<\/div>\n\t\t\t\t\t<\/div>\n\t\t<\/div>\n\t\t\t\t<div class=\"elementor-column elementor-col-50 elementor-top-column elementor-element elementor-element-9b3fe7d\" data-id=\"9b3fe7d\" data-element_type=\"column\" data-e-type=\"column\">\n\t\t\t<div class=\"elementor-widget-wrap\">\n\t\t\t\t\t\t\t<\/div>\n\t\t<\/div>\n\t\t\t\t\t<\/div>\n\t\t<\/section>\n\t\t\t\t<section class=\"elementor-section elementor-top-section elementor-element elementor-element-6723ca5 elementor-section-boxed elementor-section-height-default elementor-section-height-default\" data-id=\"6723ca5\" data-element_type=\"section\" data-e-type=\"section\">\n\t\t\t\t\t\t<div class=\"elementor-container elementor-column-gap-default\">\n\t\t\t\t\t<div class=\"elementor-column elementor-col-100 elementor-top-column elementor-element elementor-element-5ab66a7\" data-id=\"5ab66a7\" data-element_type=\"column\" data-e-type=\"column\">\n\t\t\t<div class=\"elementor-widget-wrap elementor-element-populated\">\n\t\t\t\t\t\t<div class=\"elementor-element elementor-element-8d474d6 elementor-widget elementor-widget-text-editor\" data-id=\"8d474d6\" data-element_type=\"widget\" data-e-type=\"widget\" data-widget_type=\"text-editor.default\">\n\t\t\t\t<div class=\"elementor-widget-container\">\n\t\t\t\t\t\t\t\t\t<p>Train with me remotely!!<\/p><p>\u00a0<\/p><p>No matter where in the world you are from, you can have your monthly swim training plan designed specifically for you!<\/p><p>\u00a0<\/p><p>We will do an initial interview, in Spanish or English, to get to know each other, we will set the objectives, you will receive your plans weekly throughout the month and of course I will monitor your technique.<\/p><p>\u00a0<\/p><p>I was always a lover of what processes imply, that is, preparing for something, for a goal! Be it an amateur competition or to develop a healthy lifestyle through physical activity! (fitness \/ health).<\/p><p>\u00a0<\/p><p>Throughout all these years I have had different coaches. If we are looking to improve performance or if we are simply looking to have a plan to be able to execute during the week, we need to have a personalized planning that is aligned with our objective, our available time and our conditions.<\/p><p>\u00a0<\/p><p>For all these reasons I have designed this Monthly Personalized Planning proposal for all those people who want to have their monthly swimming routine as well as for those amateur athletes who want to improve their times and give shape to their workouts!<\/p><p><br \/>I look forward to accompanying you on your aquatic tours!<\/p><p><span style=\"color: #333399;\"><a style=\"color: #333399;\" href=\"mailto:pilargeijoswim@gmail.com\">pilargeijoswim@gmail.com<\/a><\/span><\/p>\t\t\t\t\t\t\t\t<\/div>\n\t\t\t\t<\/div>\n\t\t\t\t\t<\/div>\n\t\t<\/div>\n\t\t\t\t\t<\/div>\n\t\t<\/section>\n\t\t\t\t<section class=\"elementor-section elementor-top-section elementor-element elementor-element-5c435f2 elementor-section-boxed elementor-section-height-default elementor-section-height-default\" data-id=\"5c435f2\" data-element_type=\"section\" data-e-type=\"section\">\n\t\t\t\t\t\t<div class=\"elementor-container elementor-column-gap-default\">\n\t\t\t\t\t<div class=\"elementor-column elementor-col-100 elementor-top-column elementor-element elementor-element-5dcb73d\" data-id=\"5dcb73d\" data-element_type=\"column\" data-e-type=\"column\">\n\t\t\t<div class=\"elementor-widget-wrap elementor-element-populated\">\n\t\t\t\t\t\t<div class=\"elementor-element elementor-element-0a650e1 elementor-widget elementor-widget-gallery\" data-id=\"0a650e1\" data-element_type=\"widget\" data-e-type=\"widget\" data-settings=\"{&quot;gallery_layout&quot;:&quot;masonry&quot;,&quot;lazyload&quot;:&quot;yes&quot;,&quot;columns&quot;:4,&quot;columns_tablet&quot;:2,&quot;columns_mobile&quot;:1,&quot;gap&quot;:{&quot;unit&quot;:&quot;px&quot;,&quot;size&quot;:10,&quot;sizes&quot;:[]},&quot;gap_tablet&quot;:{&quot;unit&quot;:&quot;px&quot;,&quot;size&quot;:10,&quot;sizes&quot;:[]},&quot;gap_mobile&quot;:{&quot;unit&quot;:&quot;px&quot;,&quot;size&quot;:10,&quot;sizes&quot;:[]},&quot;link_to&quot;:&quot;file&quot;,&quot;overlay_background&quot;:&quot;yes&quot;,&quot;content_hover_animation&quot;:&quot;fade-in&quot;}\" data-widget_type=\"gallery.default\">\n\t\t\t\t<div class=\"elementor-widget-container\">\n\t\t\t\t\t\t\t<div class=\"elementor-gallery__container\">\n\t\t\t\t\t\t\t<a class=\"e-gallery-item elementor-gallery-item elementor-animated-content\" href=\"https:\/\/pilargeijo.com\/wp-content\/uploads\/2021\/06\/DSC_0074.jpg\" data-elementor-open-lightbox=\"yes\" data-elementor-lightbox-slideshow=\"all-0a650e1\" data-elementor-lightbox-title=\"DSC_0074\" data-e-action-hash=\"#elementor-action%3Aaction%3Dlightbox%26settings%3DeyJpZCI6MzYyLCJ1cmwiOiJodHRwczpcL1wvcGlsYXJnZWlqby5jb21cL3dwLWNvbnRlbnRcL3VwbG9hZHNcLzIwMjFcLzA2XC9EU0NfMDA3NC5qcGciLCJzbGlkZXNob3ciOiJhbGwtMGE2NTBlMSJ9\">\n\t\t\t\t\t<div class=\"e-gallery-image elementor-gallery-item__image\" data-thumbnail=\"https:\/\/pilargeijo.com\/wp-content\/uploads\/2021\/06\/DSC_0074-200x300.jpg\" data-width=\"200\" data-height=\"300\" alt=\"\" ><\/div>\n\t\t\t\t\t\t\t\t\t\t\t<div class=\"elementor-gallery-item__overlay\"><\/div>\n\t\t\t\t\t\t\t\t\t\t\t\t\t\t<\/a>\n\t\t\t\t\t\t\t<a class=\"e-gallery-item elementor-gallery-item elementor-animated-content\" href=\"https:\/\/pilargeijo.com\/wp-content\/uploads\/2021\/06\/DSC_0125.jpg\" data-elementor-open-lightbox=\"yes\" data-elementor-lightbox-slideshow=\"all-0a650e1\" data-elementor-lightbox-title=\"DSC_0125\" data-e-action-hash=\"#elementor-action%3Aaction%3Dlightbox%26settings%3DeyJpZCI6MzYzLCJ1cmwiOiJodHRwczpcL1wvcGlsYXJnZWlqby5jb21cL3dwLWNvbnRlbnRcL3VwbG9hZHNcLzIwMjFcLzA2XC9EU0NfMDEyNS5qcGciLCJzbGlkZXNob3ciOiJhbGwtMGE2NTBlMSJ9\">\n\t\t\t\t\t<div class=\"e-gallery-image elementor-gallery-item__image\" data-thumbnail=\"https:\/\/pilargeijo.com\/wp-content\/uploads\/2021\/06\/DSC_0125-200x300.jpg\" data-width=\"200\" data-height=\"300\" alt=\"\" ><\/div>\n\t\t\t\t\t\t\t\t\t\t\t<div class=\"elementor-gallery-item__overlay\"><\/div>\n\t\t\t\t\t\t\t\t\t\t\t\t\t\t<\/a>\n\t\t\t\t\t\t\t<a class=\"e-gallery-item elementor-gallery-item elementor-animated-content\" href=\"https:\/\/pilargeijo.com\/wp-content\/uploads\/2021\/06\/DSC_0217-copia.jpg\" data-elementor-open-lightbox=\"yes\" data-elementor-lightbox-slideshow=\"all-0a650e1\" data-elementor-lightbox-title=\"DSC_0217 copia\" data-e-action-hash=\"#elementor-action%3Aaction%3Dlightbox%26settings%3DeyJpZCI6MzY0LCJ1cmwiOiJodHRwczpcL1wvcGlsYXJnZWlqby5jb21cL3dwLWNvbnRlbnRcL3VwbG9hZHNcLzIwMjFcLzA2XC9EU0NfMDIxNy1jb3BpYS5qcGciLCJzbGlkZXNob3ciOiJhbGwtMGE2NTBlMSJ9\">\n\t\t\t\t\t<div class=\"e-gallery-image elementor-gallery-item__image\" data-thumbnail=\"https:\/\/pilargeijo.com\/wp-content\/uploads\/2021\/06\/DSC_0217-copia-300x200.jpg\" data-width=\"300\" data-height=\"200\" alt=\"\" ><\/div>\n\t\t\t\t\t\t\t\t\t\t\t<div class=\"elementor-gallery-item__overlay\"><\/div>\n\t\t\t\t\t\t\t\t\t\t\t\t\t\t<\/a>\n\t\t\t\t\t\t\t<a class=\"e-gallery-item elementor-gallery-item elementor-animated-content\" href=\"https:\/\/pilargeijo.com\/wp-content\/uploads\/2021\/06\/DSC_0246-copia.jpg\" data-elementor-open-lightbox=\"yes\" data-elementor-lightbox-slideshow=\"all-0a650e1\" data-elementor-lightbox-title=\"DSC_0246 copia\" data-e-action-hash=\"#elementor-action%3Aaction%3Dlightbox%26settings%3DeyJpZCI6MzY1LCJ1cmwiOiJodHRwczpcL1wvcGlsYXJnZWlqby5jb21cL3dwLWNvbnRlbnRcL3VwbG9hZHNcLzIwMjFcLzA2XC9EU0NfMDI0Ni1jb3BpYS5qcGciLCJzbGlkZXNob3ciOiJhbGwtMGE2NTBlMSJ9\">\n\t\t\t\t\t<div class=\"e-gallery-image elementor-gallery-item__image\" data-thumbnail=\"https:\/\/pilargeijo.com\/wp-content\/uploads\/2021\/06\/DSC_0246-copia-300x200.jpg\" data-width=\"300\" data-height=\"200\" alt=\"\" ><\/div>\n\t\t\t\t\t\t\t\t\t\t\t<div class=\"elementor-gallery-item__overlay\"><\/div>\n\t\t\t\t\t\t\t\t\t\t\t\t\t\t<\/a>\n\t\t\t\t\t\t\t<a class=\"e-gallery-item elementor-gallery-item elementor-animated-content\" href=\"https:\/\/pilargeijo.com\/wp-content\/uploads\/2021\/06\/DSC_0281-copia.jpg\" data-elementor-open-lightbox=\"yes\" data-elementor-lightbox-slideshow=\"all-0a650e1\" data-elementor-lightbox-title=\"DSC_0281 copia\" data-e-action-hash=\"#elementor-action%3Aaction%3Dlightbox%26settings%3DeyJpZCI6MzY2LCJ1cmwiOiJodHRwczpcL1wvcGlsYXJnZWlqby5jb21cL3dwLWNvbnRlbnRcL3VwbG9hZHNcLzIwMjFcLzA2XC9EU0NfMDI4MS1jb3BpYS5qcGciLCJzbGlkZXNob3ciOiJhbGwtMGE2NTBlMSJ9\">\n\t\t\t\t\t<div class=\"e-gallery-image elementor-gallery-item__image\" data-thumbnail=\"https:\/\/pilargeijo.com\/wp-content\/uploads\/2021\/06\/DSC_0281-copia-300x200.jpg\" data-width=\"300\" data-height=\"200\" alt=\"\" ><\/div>\n\t\t\t\t\t\t\t\t\t\t\t<div class=\"elementor-gallery-item__overlay\"><\/div>\n\t\t\t\t\t\t\t\t\t\t\t\t\t\t<\/a>\n\t\t\t\t\t\t\t<a class=\"e-gallery-item elementor-gallery-item elementor-animated-content\" href=\"https:\/\/pilargeijo.com\/wp-content\/uploads\/2021\/06\/DSC_0315.jpg\" data-elementor-open-lightbox=\"yes\" data-elementor-lightbox-slideshow=\"all-0a650e1\" data-elementor-lightbox-title=\"DSC_0315\" data-e-action-hash=\"#elementor-action%3Aaction%3Dlightbox%26settings%3DeyJpZCI6MzY3LCJ1cmwiOiJodHRwczpcL1wvcGlsYXJnZWlqby5jb21cL3dwLWNvbnRlbnRcL3VwbG9hZHNcLzIwMjFcLzA2XC9EU0NfMDMxNS5qcGciLCJzbGlkZXNob3ciOiJhbGwtMGE2NTBlMSJ9\">\n\t\t\t\t\t<div class=\"e-gallery-image elementor-gallery-item__image\" data-thumbnail=\"https:\/\/pilargeijo.com\/wp-content\/uploads\/2021\/06\/DSC_0315-300x200.jpg\" data-width=\"300\" data-height=\"200\" alt=\"\" ><\/div>\n\t\t\t\t\t\t\t\t\t\t\t<div class=\"elementor-gallery-item__overlay\"><\/div>\n\t\t\t\t\t\t\t\t\t\t\t\t\t\t<\/a>\n\t\t\t\t\t\t\t<a class=\"e-gallery-item elementor-gallery-item elementor-animated-content\" href=\"https:\/\/pilargeijo.com\/wp-content\/uploads\/2021\/06\/DSC_0394-scaled.jpg\" data-elementor-open-lightbox=\"yes\" data-elementor-lightbox-slideshow=\"all-0a650e1\" data-elementor-lightbox-title=\"DSC_0394\" data-e-action-hash=\"#elementor-action%3Aaction%3Dlightbox%26settings%3DeyJpZCI6MzY5LCJ1cmwiOiJodHRwczpcL1wvcGlsYXJnZWlqby5jb21cL3dwLWNvbnRlbnRcL3VwbG9hZHNcLzIwMjFcLzA2XC9EU0NfMDM5NC1zY2FsZWQuanBnIiwic2xpZGVzaG93IjoiYWxsLTBhNjUwZTEifQ%3D%3D\">\n\t\t\t\t\t<div class=\"e-gallery-image elementor-gallery-item__image\" data-thumbnail=\"https:\/\/pilargeijo.com\/wp-content\/uploads\/2021\/06\/DSC_0394-300x200.jpg\" data-width=\"300\" data-height=\"200\" alt=\"\" ><\/div>\n\t\t\t\t\t\t\t\t\t\t\t<div class=\"elementor-gallery-item__overlay\"><\/div>\n\t\t\t\t\t\t\t\t\t\t\t\t\t\t<\/a>\n\t\t\t\t\t\t\t<a class=\"e-gallery-item elementor-gallery-item elementor-animated-content\" href=\"https:\/\/pilargeijo.com\/wp-content\/uploads\/2021\/06\/DSC_0484-copia.jpg\" data-elementor-open-lightbox=\"yes\" data-elementor-lightbox-slideshow=\"all-0a650e1\" data-elementor-lightbox-title=\"DSC_0484 copia\" data-e-action-hash=\"#elementor-action%3Aaction%3Dlightbox%26settings%3DeyJpZCI6MzcwLCJ1cmwiOiJodHRwczpcL1wvcGlsYXJnZWlqby5jb21cL3dwLWNvbnRlbnRcL3VwbG9hZHNcLzIwMjFcLzA2XC9EU0NfMDQ4NC1jb3BpYS5qcGciLCJzbGlkZXNob3ciOiJhbGwtMGE2NTBlMSJ9\">\n\t\t\t\t\t<div class=\"e-gallery-image elementor-gallery-item__image\" data-thumbnail=\"https:\/\/pilargeijo.com\/wp-content\/uploads\/2021\/06\/DSC_0484-copia-200x300.jpg\" data-width=\"200\" data-height=\"300\" alt=\"\" ><\/div>\n\t\t\t\t\t\t\t\t\t\t\t<div class=\"elementor-gallery-item__overlay\"><\/div>\n\t\t\t\t\t\t\t\t\t\t\t\t\t\t<\/a>\n\t\t\t\t\t\t\t<a class=\"e-gallery-item elementor-gallery-item elementor-animated-content\" href=\"https:\/\/pilargeijo.com\/wp-content\/uploads\/2021\/06\/DSC_0596-copia.jpg\" data-elementor-open-lightbox=\"yes\" data-elementor-lightbox-slideshow=\"all-0a650e1\" data-elementor-lightbox-title=\"DSC_0596 copia\" data-e-action-hash=\"#elementor-action%3Aaction%3Dlightbox%26settings%3DeyJpZCI6MzcxLCJ1cmwiOiJodHRwczpcL1wvcGlsYXJnZWlqby5jb21cL3dwLWNvbnRlbnRcL3VwbG9hZHNcLzIwMjFcLzA2XC9EU0NfMDU5Ni1jb3BpYS5qcGciLCJzbGlkZXNob3ciOiJhbGwtMGE2NTBlMSJ9\">\n\t\t\t\t\t<div class=\"e-gallery-image elementor-gallery-item__image\" data-thumbnail=\"https:\/\/pilargeijo.com\/wp-content\/uploads\/2021\/06\/DSC_0596-copia-300x200.jpg\" data-width=\"300\" data-height=\"200\" alt=\"\" ><\/div>\n\t\t\t\t\t\t\t\t\t\t\t<div class=\"elementor-gallery-item__overlay\"><\/div>\n\t\t\t\t\t\t\t\t\t\t\t\t\t\t<\/a>\n\t\t\t\t\t\t\t<a class=\"e-gallery-item elementor-gallery-item elementor-animated-content\" href=\"https:\/\/pilargeijo.com\/wp-content\/uploads\/2021\/06\/DSC_0726.jpg\" data-elementor-open-lightbox=\"yes\" data-elementor-lightbox-slideshow=\"all-0a650e1\" data-elementor-lightbox-title=\"DSC_0726\" data-e-action-hash=\"#elementor-action%3Aaction%3Dlightbox%26settings%3DeyJpZCI6MzcyLCJ1cmwiOiJodHRwczpcL1wvcGlsYXJnZWlqby5jb21cL3dwLWNvbnRlbnRcL3VwbG9hZHNcLzIwMjFcLzA2XC9EU0NfMDcyNi5qcGciLCJzbGlkZXNob3ciOiJhbGwtMGE2NTBlMSJ9\">\n\t\t\t\t\t<div class=\"e-gallery-image elementor-gallery-item__image\" data-thumbnail=\"https:\/\/pilargeijo.com\/wp-content\/uploads\/2021\/06\/DSC_0726-300x200.jpg\" data-width=\"300\" data-height=\"200\" alt=\"\" ><\/div>\n\t\t\t\t\t\t\t\t\t\t\t<div class=\"elementor-gallery-item__overlay\"><\/div>\n\t\t\t\t\t\t\t\t\t\t\t\t\t\t<\/a>\n\t\t\t\t\t\t\t<a class=\"e-gallery-item elementor-gallery-item elementor-animated-content\" href=\"https:\/\/pilargeijo.com\/wp-content\/uploads\/2021\/06\/DSC_0740.jpg\" data-elementor-open-lightbox=\"yes\" data-elementor-lightbox-slideshow=\"all-0a650e1\" data-elementor-lightbox-title=\"DSC_0740\" data-e-action-hash=\"#elementor-action%3Aaction%3Dlightbox%26settings%3DeyJpZCI6MzczLCJ1cmwiOiJodHRwczpcL1wvcGlsYXJnZWlqby5jb21cL3dwLWNvbnRlbnRcL3VwbG9hZHNcLzIwMjFcLzA2XC9EU0NfMDc0MC5qcGciLCJzbGlkZXNob3ciOiJhbGwtMGE2NTBlMSJ9\">\n\t\t\t\t\t<div class=\"e-gallery-image elementor-gallery-item__image\" data-thumbnail=\"https:\/\/pilargeijo.com\/wp-content\/uploads\/2021\/06\/DSC_0740-300x200.jpg\" data-width=\"300\" data-height=\"200\" alt=\"\" ><\/div>\n\t\t\t\t\t\t\t\t\t\t\t<div class=\"elementor-gallery-item__overlay\"><\/div>\n\t\t\t\t\t\t\t\t\t\t\t\t\t\t<\/a>\n\t\t\t\t\t\t\t<a class=\"e-gallery-item elementor-gallery-item elementor-animated-content\" href=\"https:\/\/pilargeijo.com\/wp-content\/uploads\/2021\/06\/DSC_0769.jpg\" data-elementor-open-lightbox=\"yes\" data-elementor-lightbox-slideshow=\"all-0a650e1\" data-elementor-lightbox-title=\"DSC_0769\" data-e-action-hash=\"#elementor-action%3Aaction%3Dlightbox%26settings%3DeyJpZCI6Mzc0LCJ1cmwiOiJodHRwczpcL1wvcGlsYXJnZWlqby5jb21cL3dwLWNvbnRlbnRcL3VwbG9hZHNcLzIwMjFcLzA2XC9EU0NfMDc2OS5qcGciLCJzbGlkZXNob3ciOiJhbGwtMGE2NTBlMSJ9\">\n\t\t\t\t\t<div class=\"e-gallery-image elementor-gallery-item__image\" data-thumbnail=\"https:\/\/pilargeijo.com\/wp-content\/uploads\/2021\/06\/DSC_0769-300x200.jpg\" data-width=\"300\" data-height=\"200\" alt=\"\" ><\/div>\n\t\t\t\t\t\t\t\t\t\t\t<div class=\"elementor-gallery-item__overlay\"><\/div>\n\t\t\t\t\t\t\t\t\t\t\t\t\t\t<\/a>\n\t\t\t\t\t<\/div>\n\t\t\t\t\t<\/div>\n\t\t\t\t<\/div>\n\t\t\t\t\t<\/div>\n\t\t<\/div>\n\t\t\t\t\t<\/div>\n\t\t<\/section>\n\t\t\t\t<\/div>","protected":false},"excerpt":{"rendered":"<p>Entren\u00e1 conmigo a distancia!! \u00a0 No importa de qu\u00e9 parte del mundo seas, pod\u00e9s tener tu planificaci\u00f3n mensual de entrenamiento para nataci\u00f3n dise\u00f1ada espec\u00edficamente para vos! \u00a0 Haremos una entrevista inicial para conocernos, fijaremos los objetivos, vas a recibir tus planes semanalmente durante todo el mes y por supuesto har\u00e9 un seguimiento de tu t\u00e9cnica.&hellip; <a class=\"more-link\" href=\"https:\/\/pilargeijo.com\/en\/entrena-conmigo-a-distancia\/\">Continue reading <span class=\"screen-reader-text\">Entrena conmigo a distancia<\/span><\/a><\/p>","protected":false},"author":1,"featured_media":0,"parent":0,"menu_order":0,"comment_status":"closed","ping_status":"closed","template":"elementor_header_footer","meta":{"footnotes":""},"class_list":["post-357","page","type-page","status-publish","hentry","entry"],"_links":{"self":[{"href":"https:\/\/pilargeijo.com\/en\/wp-json\/wp\/v2\/pages\/357","targetHints":{"allow":["GET"]}}],"collection":[{"href":"https:\/\/pilargeijo.com\/en\/wp-json\/wp\/v2\/pages"}],"about":[{"href":"https:\/\/pilargeijo.com\/en\/wp-json\/wp\/v2\/types\/page"}],"author":[{"embeddable":true,"href":"https:\/\/pilargeijo.com\/en\/wp-json\/wp\/v2\/users\/1"}],"replies":[{"embeddable":true,"href":"https:\/\/pilargeijo.com\/en\/wp-json\/wp\/v2\/comments?post=357"}],"version-history":[{"count":19,"href":"https:\/\/pilargeijo.com\/en\/wp-json\/wp\/v2\/pages\/357\/revisions"}],"predecessor-version":[{"id":1058,"href":"https:\/\/pilargeijo.com\/en\/wp-json\/wp\/v2\/pages\/357\/revisions\/1058"}],"wp:attachment":[{"href":"https:\/\/pilargeijo.com\/en\/wp-json\/wp\/v2\/media?parent=357"}],"curies":[{"name":"wp","href":"https:\/\/api.w.org\/{rel}","templated":true}]}}