{"id":524,"date":"2021-06-14T13:18:05","date_gmt":"2021-06-14T13:18:05","guid":{"rendered":"http:\/\/pilargeijo.com\/?page_id=524"},"modified":"2021-12-02T15:43:27","modified_gmt":"2021-12-02T15:43:27","slug":"quien-soy","status":"publish","type":"page","link":"https:\/\/pilargeijo.com\/en\/quien-soy\/","title":{"rendered":"Qui\u00e9n Soy"},"content":{"rendered":"<div data-elementor-type=\"wp-page\" data-elementor-id=\"524\" class=\"elementor elementor-524\">\n\t\t\t\t\t\t<section class=\"elementor-section elementor-top-section elementor-element elementor-element-aca8534 elementor-section-full_width elementor-section-stretched elementor-hidden-desktop elementor-hidden-tablet elementor-section-height-default elementor-section-height-default\" data-id=\"aca8534\" data-element_type=\"section\" data-e-type=\"section\" data-settings=\"{&quot;stretch_section&quot;:&quot;section-stretched&quot;,&quot;background_background&quot;:&quot;classic&quot;}\">\n\t\t\t\t\t\t\t<div class=\"elementor-background-overlay\"><\/div>\n\t\t\t\t\t\t\t<div class=\"elementor-container elementor-column-gap-default\">\n\t\t\t\t\t<div class=\"elementor-column elementor-col-50 elementor-top-column elementor-element elementor-element-c708a9b\" data-id=\"c708a9b\" data-element_type=\"column\" data-e-type=\"column\" data-settings=\"{&quot;background_background&quot;:&quot;classic&quot;}\">\n\t\t\t<div class=\"elementor-widget-wrap elementor-element-populated\">\n\t\t\t\t\t\t<div class=\"elementor-element elementor-element-662b2ec animated-slow elementor-invisible elementor-widget elementor-widget-image\" data-id=\"662b2ec\" data-element_type=\"widget\" data-e-type=\"widget\" data-settings=\"{&quot;_animation&quot;:&quot;fadeIn&quot;,&quot;_animation_delay&quot;:500}\" data-widget_type=\"image.default\">\n\t\t\t\t<div class=\"elementor-widget-container\">\n\t\t\t\t\t\t\t\t\t\t\t\t\t\t\t<img decoding=\"async\" src=\"http:\/\/pilargeijo.com\/wp-content\/uploads\/2021\/11\/imagenes_ingles_quien-soy.svg\" title=\"imagenes_quien soy\" alt=\"imagenes_quien soy\" loading=\"lazy\" \/>\t\t\t\t\t\t\t\t\t\t\t\t\t\t\t<\/div>\n\t\t\t\t<\/div>\n\t\t\t\t\t<\/div>\n\t\t<\/div>\n\t\t\t\t<div class=\"elementor-column elementor-col-50 elementor-top-column elementor-element elementor-element-8dd9c37\" data-id=\"8dd9c37\" data-element_type=\"column\" data-e-type=\"column\" data-settings=\"{&quot;background_background&quot;:&quot;classic&quot;}\">\n\t\t\t<div class=\"elementor-widget-wrap\">\n\t\t\t\t\t\t\t<\/div>\n\t\t<\/div>\n\t\t\t\t\t<\/div>\n\t\t<\/section>\n\t\t\t\t<section class=\"elementor-section elementor-top-section elementor-element elementor-element-c082fc2 elementor-section-full_width elementor-section-stretched elementor-hidden-phone elementor-section-content-middle elementor-section-height-default elementor-section-height-default\" data-id=\"c082fc2\" data-element_type=\"section\" data-e-type=\"section\" data-settings=\"{&quot;stretch_section&quot;:&quot;section-stretched&quot;,&quot;background_background&quot;:&quot;classic&quot;}\">\n\t\t\t\t\t\t\t<div class=\"elementor-background-overlay\"><\/div>\n\t\t\t\t\t\t\t<div class=\"elementor-container elementor-column-gap-default\">\n\t\t\t\t\t<div class=\"elementor-column elementor-col-50 elementor-top-column elementor-element elementor-element-d5e533a\" data-id=\"d5e533a\" data-element_type=\"column\" data-e-type=\"column\">\n\t\t\t<div class=\"elementor-widget-wrap elementor-element-populated\">\n\t\t\t\t\t\t<div class=\"elementor-element elementor-element-2290206 animated-slow elementor-invisible elementor-widget elementor-widget-image\" data-id=\"2290206\" data-element_type=\"widget\" data-e-type=\"widget\" data-settings=\"{&quot;_animation&quot;:&quot;fadeIn&quot;,&quot;_animation_delay&quot;:500}\" data-widget_type=\"image.default\">\n\t\t\t\t<div class=\"elementor-widget-container\">\n\t\t\t\t\t\t\t\t\t\t\t\t\t\t\t<img fetchpriority=\"high\" decoding=\"async\" width=\"390\" height=\"330\" src=\"http:\/\/pilargeijo.com\/wp-content\/uploads\/2021\/11\/imagenes_ingles_quien-soy.svg\" class=\"attachment-large size-large wp-image-1004\" alt=\"\" style=\"width:100%;height:84.62%;max-width:390px\" \/>\t\t\t\t\t\t\t\t\t\t\t\t\t\t\t<\/div>\n\t\t\t\t<\/div>\n\t\t\t\t\t<\/div>\n\t\t<\/div>\n\t\t\t\t<div class=\"elementor-column elementor-col-50 elementor-top-column elementor-element elementor-element-1981d68\" data-id=\"1981d68\" data-element_type=\"column\" data-e-type=\"column\">\n\t\t\t<div class=\"elementor-widget-wrap\">\n\t\t\t\t\t\t\t<\/div>\n\t\t<\/div>\n\t\t\t\t\t<\/div>\n\t\t<\/section>\n\t\t\t\t<section class=\"elementor-section elementor-top-section elementor-element elementor-element-6723ca5 elementor-section-boxed elementor-section-height-default elementor-section-height-default\" data-id=\"6723ca5\" data-element_type=\"section\" data-e-type=\"section\">\n\t\t\t\t\t\t<div class=\"elementor-container elementor-column-gap-default\">\n\t\t\t\t\t<div class=\"elementor-column elementor-col-100 elementor-top-column elementor-element elementor-element-5ab66a7\" data-id=\"5ab66a7\" data-element_type=\"column\" data-e-type=\"column\">\n\t\t\t<div class=\"elementor-widget-wrap elementor-element-populated\">\n\t\t\t\t\t\t<div class=\"elementor-element elementor-element-8d474d6 elementor-widget elementor-widget-text-editor\" data-id=\"8d474d6\" data-element_type=\"widget\" data-e-type=\"widget\" data-widget_type=\"text-editor.default\">\n\t\t\t\t<div class=\"elementor-widget-container\">\n\t\t\t\t\t\t\t\t\t<p><span dir=\"ltr\">Hi there! I am Pilar Geijo. I was born in the Boedo neighborhood, in the City of Buenos Aires, Argentina, at 7:00 p.m. of a rainy September 19, 1984. Of course I am not sure of the connection between that rain and my passion for water, but I do not dare to deny it either.<\/span><\/p><p><span dir=\"ltr\">I am a five-time Open Water World Champion (2010\/2011\/2014\/2015\/2019).<\/span><\/p><p><span dir=\"ltr\">\u00a0<\/span><\/p><p><span dir=\"ltr\">How did I get there? I started swimming at 6 years old. At the age of 13 I made my open water debut in a race held in a little rural town near Buenos Aires named San Antonio de Areco where I was the winner and that I always remember with the emotion of that day. In all these years since my debut I managed to climb 39 times to World Cup podiums representing my country.<\/span><\/p><p><span dir=\"ltr\">\u00a0<\/span><\/p><p><span dir=\"ltr\">I won the most traditional competitions in open water: the Hernandarias-Paran\u00e1 Marathon, Capri-Napoli Marathon, Traversee Lc St Jean, Ca\u00f1on del Sumidero Marathon, Traversee Lc Magog, among others.<\/span><\/p><p><span dir=\"ltr\">\u00a0<\/span><\/p><p><span dir=\"ltr\">Besides swimming, I like to read, write, listen to music, spend time with my family and enjoy free time with myself. I am a lover of cats and dogs.<\/span><\/p><p><span dir=\"ltr\">\u00a0<\/span><\/p><p><span dir=\"ltr\">I consider myself passionate, a lover of life, rebellious, hard-working, persevering, creative, happy and protective of my affections.<\/span><\/p><p><span dir=\"ltr\">Siempre me gust\u00f3 estudiar. Soy Periodista Deportiva (Inst. River Plate), Analista Contable y Administrativa (UADE) y Profesora de Nataci\u00f3n (Universidad del Litoral). Por supuesto, y como se imaginar\u00e1n, esta \u00faltima carrera es la m\u00e1s me gusta \ud83d\ude42<\/span><\/p><p><span dir=\"ltr\">\u00a0<\/span><\/p><p><span dir=\"ltr\">My workouts are very intense. I train twice a day in the pool and I also do trainig out of the water. My dedication is full time (full everything, I would dare to say) and although swimming is an individual sport there are many people who accompany me. Without my work team and the support of my closest circle and my sponsors this long journey would not have been possible<\/span><\/p><p><span dir=\"ltr\">\u00a0<\/span><\/p><p><span dir=\"ltr\"><u>My team<\/u><\/span><\/p><p><span dir=\"ltr\">My coach: \u00abEl Gallego\u00bb Martin<\/span><\/p><p><span dir=\"ltr\">My doctor: Enrique Prada<\/span><\/p><p><span dir=\"ltr\">My psychologist: Daniel Hamra<\/span><\/p><p><span dir=\"ltr\">My family<\/span><\/p><p><span dir=\"ltr\">My sponsors<\/span><\/p><p><span dir=\"ltr\">Cuca, my feline companion for 10 years<\/span><\/p><p><span dir=\"ltr\">\u00a0<\/span><\/p><p><span dir=\"ltr\">To learn more about my best sports results, click <a href=\"http:\/\/pilargeijo.com\/wp-content\/uploads\/2021\/06\/Pilar-PDF-Junio-2021.pdf\" target=\"_blank\" rel=\"noopener\">HERE<\/a>.<\/span><\/p>\t\t\t\t\t\t\t\t<\/div>\n\t\t\t\t<\/div>\n\t\t\t\t\t<\/div>\n\t\t<\/div>\n\t\t\t\t\t<\/div>\n\t\t<\/section>\n\t\t\t\t<section class=\"elementor-section elementor-top-section elementor-element elementor-element-5c435f2 elementor-section-boxed elementor-section-height-default elementor-section-height-default\" data-id=\"5c435f2\" data-element_type=\"section\" data-e-type=\"section\">\n\t\t\t\t\t\t<div class=\"elementor-container elementor-column-gap-default\">\n\t\t\t\t\t<div class=\"elementor-column elementor-col-100 elementor-top-column elementor-element elementor-element-5dcb73d\" data-id=\"5dcb73d\" data-element_type=\"column\" data-e-type=\"column\">\n\t\t\t<div class=\"elementor-widget-wrap elementor-element-populated\">\n\t\t\t\t\t\t<div class=\"elementor-element elementor-element-0a650e1 elementor-widget elementor-widget-gallery\" data-id=\"0a650e1\" data-element_type=\"widget\" data-e-type=\"widget\" data-settings=\"{&quot;gallery_layout&quot;:&quot;masonry&quot;,&quot;lazyload&quot;:&quot;yes&quot;,&quot;columns&quot;:4,&quot;columns_tablet&quot;:2,&quot;columns_mobile&quot;:1,&quot;gap&quot;:{&quot;unit&quot;:&quot;px&quot;,&quot;size&quot;:10,&quot;sizes&quot;:[]},&quot;gap_tablet&quot;:{&quot;unit&quot;:&quot;px&quot;,&quot;size&quot;:10,&quot;sizes&quot;:[]},&quot;gap_mobile&quot;:{&quot;unit&quot;:&quot;px&quot;,&quot;size&quot;:10,&quot;sizes&quot;:[]},&quot;link_to&quot;:&quot;file&quot;,&quot;overlay_background&quot;:&quot;yes&quot;,&quot;content_hover_animation&quot;:&quot;fade-in&quot;}\" data-widget_type=\"gallery.default\">\n\t\t\t\t<div class=\"elementor-widget-container\">\n\t\t\t\t\t\t\t<div class=\"elementor-gallery__container\">\n\t\t\t\t\t\t\t<a class=\"e-gallery-item elementor-gallery-item elementor-animated-content\" href=\"https:\/\/pilargeijo.com\/wp-content\/uploads\/2021\/06\/126_DSC_1472-2-scaled.jpg\" data-elementor-open-lightbox=\"yes\" data-elementor-lightbox-slideshow=\"all-0a650e1\" data-elementor-lightbox-title=\"126_DSC_1472-2\" data-e-action-hash=\"#elementor-action%3Aaction%3Dlightbox%26settings%3DeyJpZCI6NTI5LCJ1cmwiOiJodHRwczpcL1wvcGlsYXJnZWlqby5jb21cL3dwLWNvbnRlbnRcL3VwbG9hZHNcLzIwMjFcLzA2XC8xMjZfRFNDXzE0NzItMi1zY2FsZWQuanBnIiwic2xpZGVzaG93IjoiYWxsLTBhNjUwZTEifQ%3D%3D\">\n\t\t\t\t\t<div class=\"e-gallery-image elementor-gallery-item__image\" data-thumbnail=\"https:\/\/pilargeijo.com\/wp-content\/uploads\/2021\/06\/126_DSC_1472-2-300x200.jpg\" data-width=\"300\" data-height=\"200\" alt=\"\" ><\/div>\n\t\t\t\t\t\t\t\t\t\t\t<div class=\"elementor-gallery-item__overlay\"><\/div>\n\t\t\t\t\t\t\t\t\t\t\t\t\t\t<\/a>\n\t\t\t\t\t\t\t<a class=\"e-gallery-item elementor-gallery-item elementor-animated-content\" href=\"https:\/\/pilargeijo.com\/wp-content\/uploads\/2021\/06\/DSC_0397-scaled.jpg\" data-elementor-open-lightbox=\"yes\" data-elementor-lightbox-slideshow=\"all-0a650e1\" data-elementor-lightbox-title=\"DSC_0397\" data-e-action-hash=\"#elementor-action%3Aaction%3Dlightbox%26settings%3DeyJpZCI6NTMxLCJ1cmwiOiJodHRwczpcL1wvcGlsYXJnZWlqby5jb21cL3dwLWNvbnRlbnRcL3VwbG9hZHNcLzIwMjFcLzA2XC9EU0NfMDM5Ny1zY2FsZWQuanBnIiwic2xpZGVzaG93IjoiYWxsLTBhNjUwZTEifQ%3D%3D\">\n\t\t\t\t\t<div class=\"e-gallery-image elementor-gallery-item__image\" data-thumbnail=\"https:\/\/pilargeijo.com\/wp-content\/uploads\/2021\/06\/DSC_0397-200x300.jpg\" data-width=\"200\" data-height=\"300\" alt=\"\" ><\/div>\n\t\t\t\t\t\t\t\t\t\t\t<div class=\"elementor-gallery-item__overlay\"><\/div>\n\t\t\t\t\t\t\t\t\t\t\t\t\t\t<\/a>\n\t\t\t\t\t\t\t<a class=\"e-gallery-item elementor-gallery-item elementor-animated-content\" href=\"https:\/\/pilargeijo.com\/wp-content\/uploads\/2021\/06\/Geijo_2018_0321-scaled.jpg\" data-elementor-open-lightbox=\"yes\" data-elementor-lightbox-slideshow=\"all-0a650e1\" data-elementor-lightbox-title=\"Geijo_2018_0321\" data-e-action-hash=\"#elementor-action%3Aaction%3Dlightbox%26settings%3DeyJpZCI6NTI4LCJ1cmwiOiJodHRwczpcL1wvcGlsYXJnZWlqby5jb21cL3dwLWNvbnRlbnRcL3VwbG9hZHNcLzIwMjFcLzA2XC9HZWlqb18yMDE4XzAzMjEtc2NhbGVkLmpwZyIsInNsaWRlc2hvdyI6ImFsbC0wYTY1MGUxIn0%3D\">\n\t\t\t\t\t<div class=\"e-gallery-image elementor-gallery-item__image\" data-thumbnail=\"https:\/\/pilargeijo.com\/wp-content\/uploads\/2021\/06\/Geijo_2018_0321-300x200.jpg\" data-width=\"300\" data-height=\"200\" alt=\"\" ><\/div>\n\t\t\t\t\t\t\t\t\t\t\t<div class=\"elementor-gallery-item__overlay\"><\/div>\n\t\t\t\t\t\t\t\t\t\t\t\t\t\t<\/a>\n\t\t\t\t\t\t\t<a class=\"e-gallery-item elementor-gallery-item elementor-animated-content\" href=\"https:\/\/pilargeijo.com\/wp-content\/uploads\/2021\/06\/FB_IMG_1623611510203.jpg\" data-elementor-open-lightbox=\"yes\" data-elementor-lightbox-slideshow=\"all-0a650e1\" data-elementor-lightbox-title=\"FB_IMG_1623611510203\" data-e-action-hash=\"#elementor-action%3Aaction%3Dlightbox%26settings%3DeyJpZCI6NTM3LCJ1cmwiOiJodHRwczpcL1wvcGlsYXJnZWlqby5jb21cL3dwLWNvbnRlbnRcL3VwbG9hZHNcLzIwMjFcLzA2XC9GQl9JTUdfMTYyMzYxMTUxMDIwMy5qcGciLCJzbGlkZXNob3ciOiJhbGwtMGE2NTBlMSJ9\">\n\t\t\t\t\t<div class=\"e-gallery-image elementor-gallery-item__image\" data-thumbnail=\"https:\/\/pilargeijo.com\/wp-content\/uploads\/2021\/06\/FB_IMG_1623611510203-232x300.jpg\" data-width=\"232\" data-height=\"300\" alt=\"\" ><\/div>\n\t\t\t\t\t\t\t\t\t\t\t<div class=\"elementor-gallery-item__overlay\"><\/div>\n\t\t\t\t\t\t\t\t\t\t\t\t\t\t<\/a>\n\t\t\t\t\t\t\t<a class=\"e-gallery-item elementor-gallery-item elementor-animated-content\" href=\"https:\/\/pilargeijo.com\/wp-content\/uploads\/2021\/06\/20190727_204920-scaled.jpg\" data-elementor-open-lightbox=\"yes\" data-elementor-lightbox-slideshow=\"all-0a650e1\" data-elementor-lightbox-title=\"20190727_204920\" data-e-action-hash=\"#elementor-action%3Aaction%3Dlightbox%26settings%3DeyJpZCI6NTMwLCJ1cmwiOiJodHRwczpcL1wvcGlsYXJnZWlqby5jb21cL3dwLWNvbnRlbnRcL3VwbG9hZHNcLzIwMjFcLzA2XC8yMDE5MDcyN18yMDQ5MjAtc2NhbGVkLmpwZyIsInNsaWRlc2hvdyI6ImFsbC0wYTY1MGUxIn0%3D\">\n\t\t\t\t\t<div class=\"e-gallery-image elementor-gallery-item__image\" data-thumbnail=\"https:\/\/pilargeijo.com\/wp-content\/uploads\/2021\/06\/20190727_204920-225x300.jpg\" data-width=\"225\" data-height=\"300\" alt=\"\" ><\/div>\n\t\t\t\t\t\t\t\t\t\t\t<div class=\"elementor-gallery-item__overlay\"><\/div>\n\t\t\t\t\t\t\t\t\t\t\t\t\t\t<\/a>\n\t\t\t\t\t\t\t<a class=\"e-gallery-item elementor-gallery-item elementor-animated-content\" href=\"https:\/\/pilargeijo.com\/wp-content\/uploads\/2021\/06\/DSC_0688-scaled.jpg\" data-elementor-open-lightbox=\"yes\" data-elementor-lightbox-slideshow=\"all-0a650e1\" data-elementor-lightbox-title=\"DSC_0688\" data-e-action-hash=\"#elementor-action%3Aaction%3Dlightbox%26settings%3DeyJpZCI6NTMyLCJ1cmwiOiJodHRwczpcL1wvcGlsYXJnZWlqby5jb21cL3dwLWNvbnRlbnRcL3VwbG9hZHNcLzIwMjFcLzA2XC9EU0NfMDY4OC1zY2FsZWQuanBnIiwic2xpZGVzaG93IjoiYWxsLTBhNjUwZTEifQ%3D%3D\">\n\t\t\t\t\t<div class=\"e-gallery-image elementor-gallery-item__image\" data-thumbnail=\"https:\/\/pilargeijo.com\/wp-content\/uploads\/2021\/06\/DSC_0688-200x300.jpg\" data-width=\"200\" data-height=\"300\" alt=\"\" ><\/div>\n\t\t\t\t\t\t\t\t\t\t\t<div class=\"elementor-gallery-item__overlay\"><\/div>\n\t\t\t\t\t\t\t\t\t\t\t\t\t\t<\/a>\n\t\t\t\t\t\t\t<a class=\"e-gallery-item elementor-gallery-item elementor-animated-content\" href=\"https:\/\/pilargeijo.com\/wp-content\/uploads\/2021\/06\/DSC_9687-scaled.jpg\" data-elementor-open-lightbox=\"yes\" data-elementor-lightbox-slideshow=\"all-0a650e1\" data-elementor-lightbox-title=\"DSC_9687\" data-e-action-hash=\"#elementor-action%3Aaction%3Dlightbox%26settings%3DeyJpZCI6NTMzLCJ1cmwiOiJodHRwczpcL1wvcGlsYXJnZWlqby5jb21cL3dwLWNvbnRlbnRcL3VwbG9hZHNcLzIwMjFcLzA2XC9EU0NfOTY4Ny1zY2FsZWQuanBnIiwic2xpZGVzaG93IjoiYWxsLTBhNjUwZTEifQ%3D%3D\">\n\t\t\t\t\t<div class=\"e-gallery-image elementor-gallery-item__image\" data-thumbnail=\"https:\/\/pilargeijo.com\/wp-content\/uploads\/2021\/06\/DSC_9687-300x201.jpg\" data-width=\"300\" data-height=\"201\" alt=\"\" ><\/div>\n\t\t\t\t\t\t\t\t\t\t\t<div class=\"elementor-gallery-item__overlay\"><\/div>\n\t\t\t\t\t\t\t\t\t\t\t\t\t\t<\/a>\n\t\t\t\t\t\t\t<a class=\"e-gallery-item elementor-gallery-item elementor-animated-content\" href=\"https:\/\/pilargeijo.com\/wp-content\/uploads\/2021\/06\/DSC_9963-scaled.jpg\" data-elementor-open-lightbox=\"yes\" data-elementor-lightbox-slideshow=\"all-0a650e1\" data-elementor-lightbox-title=\"DSC_9963\" data-e-action-hash=\"#elementor-action%3Aaction%3Dlightbox%26settings%3DeyJpZCI6NTM0LCJ1cmwiOiJodHRwczpcL1wvcGlsYXJnZWlqby5jb21cL3dwLWNvbnRlbnRcL3VwbG9hZHNcLzIwMjFcLzA2XC9EU0NfOTk2My1zY2FsZWQuanBnIiwic2xpZGVzaG93IjoiYWxsLTBhNjUwZTEifQ%3D%3D\">\n\t\t\t\t\t<div class=\"e-gallery-image elementor-gallery-item__image\" data-thumbnail=\"https:\/\/pilargeijo.com\/wp-content\/uploads\/2021\/06\/DSC_9963-201x300.jpg\" data-width=\"201\" data-height=\"300\" alt=\"\" ><\/div>\n\t\t\t\t\t\t\t\t\t\t\t<div class=\"elementor-gallery-item__overlay\"><\/div>\n\t\t\t\t\t\t\t\t\t\t\t\t\t\t<\/a>\n\t\t\t\t\t\t\t<a class=\"e-gallery-item elementor-gallery-item elementor-animated-content\" href=\"https:\/\/pilargeijo.com\/wp-content\/uploads\/2021\/06\/FB_IMG_1536771437196.jpg\" data-elementor-open-lightbox=\"yes\" data-elementor-lightbox-slideshow=\"all-0a650e1\" data-elementor-lightbox-title=\"FB_IMG_1536771437196\" data-e-action-hash=\"#elementor-action%3Aaction%3Dlightbox%26settings%3DeyJpZCI6NTM1LCJ1cmwiOiJodHRwczpcL1wvcGlsYXJnZWlqby5jb21cL3dwLWNvbnRlbnRcL3VwbG9hZHNcLzIwMjFcLzA2XC9GQl9JTUdfMTUzNjc3MTQzNzE5Ni5qcGciLCJzbGlkZXNob3ciOiJhbGwtMGE2NTBlMSJ9\">\n\t\t\t\t\t<div class=\"e-gallery-image elementor-gallery-item__image\" data-thumbnail=\"https:\/\/pilargeijo.com\/wp-content\/uploads\/2021\/06\/FB_IMG_1536771437196-300x200.jpg\" data-width=\"300\" data-height=\"200\" alt=\"\" ><\/div>\n\t\t\t\t\t\t\t\t\t\t\t<div class=\"elementor-gallery-item__overlay\"><\/div>\n\t\t\t\t\t\t\t\t\t\t\t\t\t\t<\/a>\n\t\t\t\t\t\t\t<a class=\"e-gallery-item elementor-gallery-item elementor-animated-content\" href=\"https:\/\/pilargeijo.com\/wp-content\/uploads\/2021\/06\/FB_IMG_1623611471834.jpg\" data-elementor-open-lightbox=\"yes\" data-elementor-lightbox-slideshow=\"all-0a650e1\" data-elementor-lightbox-title=\"FB_IMG_1623611471834\" data-e-action-hash=\"#elementor-action%3Aaction%3Dlightbox%26settings%3DeyJpZCI6NTM2LCJ1cmwiOiJodHRwczpcL1wvcGlsYXJnZWlqby5jb21cL3dwLWNvbnRlbnRcL3VwbG9hZHNcLzIwMjFcLzA2XC9GQl9JTUdfMTYyMzYxMTQ3MTgzNC5qcGciLCJzbGlkZXNob3ciOiJhbGwtMGE2NTBlMSJ9\">\n\t\t\t\t\t<div class=\"e-gallery-image elementor-gallery-item__image\" data-thumbnail=\"https:\/\/pilargeijo.com\/wp-content\/uploads\/2021\/06\/FB_IMG_1623611471834-300x200.jpg\" data-width=\"300\" data-height=\"200\" alt=\"\" ><\/div>\n\t\t\t\t\t\t\t\t\t\t\t<div class=\"elementor-gallery-item__overlay\"><\/div>\n\t\t\t\t\t\t\t\t\t\t\t\t\t\t<\/a>\n\t\t\t\t\t\t\t<a class=\"e-gallery-item elementor-gallery-item elementor-animated-content\" href=\"https:\/\/pilargeijo.com\/wp-content\/uploads\/2021\/06\/FB_IMG_1623611548721.jpg\" data-elementor-open-lightbox=\"yes\" data-elementor-lightbox-slideshow=\"all-0a650e1\" data-elementor-lightbox-title=\"FB_IMG_1623611548721\" data-e-action-hash=\"#elementor-action%3Aaction%3Dlightbox%26settings%3DeyJpZCI6NTM4LCJ1cmwiOiJodHRwczpcL1wvcGlsYXJnZWlqby5jb21cL3dwLWNvbnRlbnRcL3VwbG9hZHNcLzIwMjFcLzA2XC9GQl9JTUdfMTYyMzYxMTU0ODcyMS5qcGciLCJzbGlkZXNob3ciOiJhbGwtMGE2NTBlMSJ9\">\n\t\t\t\t\t<div class=\"e-gallery-image elementor-gallery-item__image\" data-thumbnail=\"https:\/\/pilargeijo.com\/wp-content\/uploads\/2021\/06\/FB_IMG_1623611548721-300x200.jpg\" data-width=\"300\" data-height=\"200\" alt=\"\" ><\/div>\n\t\t\t\t\t\t\t\t\t\t\t<div class=\"elementor-gallery-item__overlay\"><\/div>\n\t\t\t\t\t\t\t\t\t\t\t\t\t\t<\/a>\n\t\t\t\t\t\t\t<a class=\"e-gallery-item elementor-gallery-item elementor-animated-content\" href=\"https:\/\/pilargeijo.com\/wp-content\/uploads\/2021\/06\/FB_IMG_1623611553162.jpg\" data-elementor-open-lightbox=\"yes\" data-elementor-lightbox-slideshow=\"all-0a650e1\" data-elementor-lightbox-title=\"FB_IMG_1623611553162\" data-e-action-hash=\"#elementor-action%3Aaction%3Dlightbox%26settings%3DeyJpZCI6NTM5LCJ1cmwiOiJodHRwczpcL1wvcGlsYXJnZWlqby5jb21cL3dwLWNvbnRlbnRcL3VwbG9hZHNcLzIwMjFcLzA2XC9GQl9JTUdfMTYyMzYxMTU1MzE2Mi5qcGciLCJzbGlkZXNob3ciOiJhbGwtMGE2NTBlMSJ9\">\n\t\t\t\t\t<div class=\"e-gallery-image elementor-gallery-item__image\" data-thumbnail=\"https:\/\/pilargeijo.com\/wp-content\/uploads\/2021\/06\/FB_IMG_1623611553162-300x199.jpg\" data-width=\"300\" data-height=\"199\" alt=\"\" ><\/div>\n\t\t\t\t\t\t\t\t\t\t\t<div class=\"elementor-gallery-item__overlay\"><\/div>\n\t\t\t\t\t\t\t\t\t\t\t\t\t\t<\/a>\n\t\t\t\t\t\t\t<a class=\"e-gallery-item elementor-gallery-item elementor-animated-content\" href=\"https:\/\/pilargeijo.com\/wp-content\/uploads\/2021\/06\/FB_IMG_1623611564783.jpg\" data-elementor-open-lightbox=\"yes\" data-elementor-lightbox-slideshow=\"all-0a650e1\" data-elementor-lightbox-title=\"FB_IMG_1623611564783\" data-e-action-hash=\"#elementor-action%3Aaction%3Dlightbox%26settings%3DeyJpZCI6NTQwLCJ1cmwiOiJodHRwczpcL1wvcGlsYXJnZWlqby5jb21cL3dwLWNvbnRlbnRcL3VwbG9hZHNcLzIwMjFcLzA2XC9GQl9JTUdfMTYyMzYxMTU2NDc4My5qcGciLCJzbGlkZXNob3ciOiJhbGwtMGE2NTBlMSJ9\">\n\t\t\t\t\t<div class=\"e-gallery-image elementor-gallery-item__image\" data-thumbnail=\"https:\/\/pilargeijo.com\/wp-content\/uploads\/2021\/06\/FB_IMG_1623611564783-300x199.jpg\" data-width=\"300\" data-height=\"199\" alt=\"\" ><\/div>\n\t\t\t\t\t\t\t\t\t\t\t<div class=\"elementor-gallery-item__overlay\"><\/div>\n\t\t\t\t\t\t\t\t\t\t\t\t\t\t<\/a>\n\t\t\t\t\t\t\t<a class=\"e-gallery-item elementor-gallery-item elementor-animated-content\" href=\"https:\/\/pilargeijo.com\/wp-content\/uploads\/2021\/06\/FB_IMG_1623611583217.jpg\" data-elementor-open-lightbox=\"yes\" data-elementor-lightbox-slideshow=\"all-0a650e1\" data-elementor-lightbox-title=\"FB_IMG_1623611583217\" data-e-action-hash=\"#elementor-action%3Aaction%3Dlightbox%26settings%3DeyJpZCI6NTQxLCJ1cmwiOiJodHRwczpcL1wvcGlsYXJnZWlqby5jb21cL3dwLWNvbnRlbnRcL3VwbG9hZHNcLzIwMjFcLzA2XC9GQl9JTUdfMTYyMzYxMTU4MzIxNy5qcGciLCJzbGlkZXNob3ciOiJhbGwtMGE2NTBlMSJ9\">\n\t\t\t\t\t<div class=\"e-gallery-image elementor-gallery-item__image\" data-thumbnail=\"https:\/\/pilargeijo.com\/wp-content\/uploads\/2021\/06\/FB_IMG_1623611583217-199x300.jpg\" data-width=\"199\" data-height=\"300\" alt=\"\" ><\/div>\n\t\t\t\t\t\t\t\t\t\t\t<div class=\"elementor-gallery-item__overlay\"><\/div>\n\t\t\t\t\t\t\t\t\t\t\t\t\t\t<\/a>\n\t\t\t\t\t\t\t<a class=\"e-gallery-item elementor-gallery-item elementor-animated-content\" href=\"https:\/\/pilargeijo.com\/wp-content\/uploads\/2021\/06\/Geijo_2018_0036-scaled.jpg\" data-elementor-open-lightbox=\"yes\" data-elementor-lightbox-slideshow=\"all-0a650e1\" data-elementor-lightbox-title=\"Geijo_2018_0036\" data-e-action-hash=\"#elementor-action%3Aaction%3Dlightbox%26settings%3DeyJpZCI6NTQyLCJ1cmwiOiJodHRwczpcL1wvcGlsYXJnZWlqby5jb21cL3dwLWNvbnRlbnRcL3VwbG9hZHNcLzIwMjFcLzA2XC9HZWlqb18yMDE4XzAwMzYtc2NhbGVkLmpwZyIsInNsaWRlc2hvdyI6ImFsbC0wYTY1MGUxIn0%3D\">\n\t\t\t\t\t<div class=\"e-gallery-image elementor-gallery-item__image\" data-thumbnail=\"https:\/\/pilargeijo.com\/wp-content\/uploads\/2021\/06\/Geijo_2018_0036-300x200.jpg\" data-width=\"300\" data-height=\"200\" alt=\"\" ><\/div>\n\t\t\t\t\t\t\t\t\t\t\t<div class=\"elementor-gallery-item__overlay\"><\/div>\n\t\t\t\t\t\t\t\t\t\t\t\t\t\t<\/a>\n\t\t\t\t\t\t\t<a class=\"e-gallery-item elementor-gallery-item elementor-animated-content\" href=\"https:\/\/pilargeijo.com\/wp-content\/uploads\/2021\/06\/Geijo_2018_0111-scaled.jpg\" data-elementor-open-lightbox=\"yes\" data-elementor-lightbox-slideshow=\"all-0a650e1\" data-elementor-lightbox-title=\"Geijo_2018_0111\" data-e-action-hash=\"#elementor-action%3Aaction%3Dlightbox%26settings%3DeyJpZCI6NTQzLCJ1cmwiOiJodHRwczpcL1wvcGlsYXJnZWlqby5jb21cL3dwLWNvbnRlbnRcL3VwbG9hZHNcLzIwMjFcLzA2XC9HZWlqb18yMDE4XzAxMTEtc2NhbGVkLmpwZyIsInNsaWRlc2hvdyI6ImFsbC0wYTY1MGUxIn0%3D\">\n\t\t\t\t\t<div class=\"e-gallery-image elementor-gallery-item__image\" data-thumbnail=\"https:\/\/pilargeijo.com\/wp-content\/uploads\/2021\/06\/Geijo_2018_0111-200x300.jpg\" data-width=\"200\" data-height=\"300\" alt=\"\" ><\/div>\n\t\t\t\t\t\t\t\t\t\t\t<div class=\"elementor-gallery-item__overlay\"><\/div>\n\t\t\t\t\t\t\t\t\t\t\t\t\t\t<\/a>\n\t\t\t\t\t\t\t<a class=\"e-gallery-item elementor-gallery-item elementor-animated-content\" href=\"https:\/\/pilargeijo.com\/wp-content\/uploads\/2021\/06\/Geijo_2018_0275-scaled.jpg\" data-elementor-open-lightbox=\"yes\" data-elementor-lightbox-slideshow=\"all-0a650e1\" data-elementor-lightbox-title=\"Geijo_2018_0275\" data-e-action-hash=\"#elementor-action%3Aaction%3Dlightbox%26settings%3DeyJpZCI6NTQ0LCJ1cmwiOiJodHRwczpcL1wvcGlsYXJnZWlqby5jb21cL3dwLWNvbnRlbnRcL3VwbG9hZHNcLzIwMjFcLzA2XC9HZWlqb18yMDE4XzAyNzUtc2NhbGVkLmpwZyIsInNsaWRlc2hvdyI6ImFsbC0wYTY1MGUxIn0%3D\">\n\t\t\t\t\t<div class=\"e-gallery-image elementor-gallery-item__image\" data-thumbnail=\"https:\/\/pilargeijo.com\/wp-content\/uploads\/2021\/06\/Geijo_2018_0275-300x200.jpg\" data-width=\"300\" data-height=\"200\" alt=\"\" ><\/div>\n\t\t\t\t\t\t\t\t\t\t\t<div class=\"elementor-gallery-item__overlay\"><\/div>\n\t\t\t\t\t\t\t\t\t\t\t\t\t\t<\/a>\n\t\t\t\t\t<\/div>\n\t\t\t\t\t<\/div>\n\t\t\t\t<\/div>\n\t\t\t\t\t<\/div>\n\t\t<\/div>\n\t\t\t\t\t<\/div>\n\t\t<\/section>\n\t\t\t\t<\/div>","protected":false},"excerpt":{"rendered":"<p>\u00a1Hola! Soy Pilar\u00a0Geijo. Nac\u00ed en el barrio de Boedo, en la Ciudad de Buenos Aires, Argentina, a las 19 hs. de un lluvioso 19 de septiembre de 1984. Por supuesto no estoy segura de esa conexi\u00f3n entre aquella lluvia y mi pasi\u00f3n por el agua, pero tampoco me animo a negarla. Soy qu\u00edntuple campeona mundial&hellip; <a class=\"more-link\" href=\"https:\/\/pilargeijo.com\/en\/quien-soy\/\">Continue reading <span class=\"screen-reader-text\">Qui\u00e9n Soy<\/span><\/a><\/p>","protected":false},"author":1,"featured_media":0,"parent":0,"menu_order":0,"comment_status":"closed","ping_status":"closed","template":"elementor_header_footer","meta":{"footnotes":""},"class_list":["post-524","page","type-page","status-publish","hentry","entry"],"_links":{"self":[{"href":"https:\/\/pilargeijo.com\/en\/wp-json\/wp\/v2\/pages\/524","targetHints":{"allow":["GET"]}}],"collection":[{"href":"https:\/\/pilargeijo.com\/en\/wp-json\/wp\/v2\/pages"}],"about":[{"href":"https:\/\/pilargeijo.com\/en\/wp-json\/wp\/v2\/types\/page"}],"author":[{"embeddable":true,"href":"https:\/\/pilargeijo.com\/en\/wp-json\/wp\/v2\/users\/1"}],"replies":[{"embeddable":true,"href":"https:\/\/pilargeijo.com\/en\/wp-json\/wp\/v2\/comments?post=524"}],"version-history":[{"count":47,"href":"https:\/\/pilargeijo.com\/en\/wp-json\/wp\/v2\/pages\/524\/revisions"}],"predecessor-version":[{"id":1312,"href":"https:\/\/pilargeijo.com\/en\/wp-json\/wp\/v2\/pages\/524\/revisions\/1312"}],"wp:attachment":[{"href":"https:\/\/pilargeijo.com\/en\/wp-json\/wp\/v2\/media?parent=524"}],"curies":[{"name":"wp","href":"https:\/\/api.w.org\/{rel}","templated":true}]}}